{"id":356,"date":"2019-01-23T18:25:36","date_gmt":"2019-01-24T00:25:36","guid":{"rendered":"https:\/\/jabesmx.com\/?page_id=356"},"modified":"2025-03-07T17:14:15","modified_gmt":"2025-03-07T23:14:15","slug":"visas","status":"publish","type":"page","link":"https:\/\/jabesmx.com\/index.php\/visas\/","title":{"rendered":"VISAS"},"content":{"rendered":"\t\t<div class=\"elementor elementor-356\">\n\t\t\t<div class=\"elementor-inner\">\n\t\t\t\t<div class=\"elementor-section-wrap\">\n\t\t\t\t\t\t\t<section data-id=\"71b973b5\" class=\"elementor-element elementor-element-71b973b5 elementor-section-height-min-height elementor-section-stretched elementor-section-boxed elementor-section-height-default elementor-section-items-middle elementor-section elementor-top-section\" data-settings=\"{&quot;background_background&quot;:&quot;classic&quot;,&quot;stretch_section&quot;:&quot;section-stretched&quot;}\" data-element_type=\"section\">\n\t\t\t\t\t\t\t<div class=\"elementor-background-overlay\"><\/div>\n\t\t\t\t\t\t\t<div class=\"elementor-container elementor-column-gap-default\">\n\t\t\t\t<div class=\"elementor-row\">\n\t\t\t\t<div data-id=\"532274e\" class=\"elementor-element elementor-element-532274e elementor-column elementor-col-100 elementor-top-column\" data-element_type=\"column\">\n\t\t\t<div class=\"elementor-column-wrap elementor-element-populated\">\n\t\t\t\t\t<div class=\"elementor-widget-wrap\">\n\t\t\t\t<div data-id=\"45cd990\" class=\"elementor-element elementor-element-45cd990 elementor-widget elementor-widget-heading\" data-element_type=\"heading.default\">\n\t\t\t\t<div class=\"elementor-widget-container\">\n\t\t\t<h2 class=\"elementor-heading-title elementor-size-large\">visas y permisos para viajar<\/h2>\t\t<\/div>\n\t\t\t\t<\/div>\n\t\t\t\t<section data-id=\"798180d\" class=\"elementor-element elementor-element-798180d elementor-section-boxed elementor-section-height-default elementor-section-height-default elementor-section elementor-inner-section\" data-element_type=\"section\">\n\t\t\t\t\t\t<div class=\"elementor-container elementor-column-gap-default\">\n\t\t\t\t<div class=\"elementor-row\">\n\t\t\t\t<div data-id=\"19c1a64\" class=\"elementor-element elementor-element-19c1a64 elementor-column elementor-col-33 elementor-inner-column\" data-element_type=\"column\">\n\t\t\t<div class=\"elementor-column-wrap elementor-element-populated\">\n\t\t\t\t\t<div class=\"elementor-widget-wrap\">\n\t\t\t\t<div data-id=\"d1fdc96\" class=\"elementor-element elementor-element-d1fdc96 elementor-widget elementor-widget-heading\" data-element_type=\"heading.default\">\n\t\t\t\t<div class=\"elementor-widget-container\">\n\t\t\t<h2 class=\"elementor-heading-title elementor-size-large\">USA<\/h2>\t\t<\/div>\n\t\t\t\t<\/div>\n\t\t\t\t\t\t<\/div>\n\t\t\t<\/div>\n\t\t<\/div>\n\t\t\t\t<div data-id=\"a6188cd\" class=\"elementor-element elementor-element-a6188cd elementor-column elementor-col-33 elementor-inner-column\" data-element_type=\"column\">\n\t\t\t<div class=\"elementor-column-wrap elementor-element-populated\">\n\t\t\t\t\t<div class=\"elementor-widget-wrap\">\n\t\t\t\t<div data-id=\"0e1a2ef\" class=\"elementor-element elementor-element-0e1a2ef elementor-widget elementor-widget-heading\" data-element_type=\"heading.default\">\n\t\t\t\t<div class=\"elementor-widget-container\">\n\t\t\t<h2 class=\"elementor-heading-title elementor-size-large\">CANADA<\/h2>\t\t<\/div>\n\t\t\t\t<\/div>\n\t\t\t\t\t\t<\/div>\n\t\t\t<\/div>\n\t\t<\/div>\n\t\t\t\t<div data-id=\"5c0d6fe\" class=\"elementor-element elementor-element-5c0d6fe elementor-column elementor-col-33 elementor-inner-column\" data-element_type=\"column\">\n\t\t\t<div class=\"elementor-column-wrap elementor-element-populated\">\n\t\t\t\t\t<div class=\"elementor-widget-wrap\">\n\t\t\t\t<div data-id=\"ecb48d7\" class=\"elementor-element elementor-element-ecb48d7 elementor-widget elementor-widget-heading\" data-element_type=\"heading.default\">\n\t\t\t\t<div class=\"elementor-widget-container\">\n\t\t\t<h2 class=\"elementor-heading-title elementor-size-large\">CHINA<\/h2>\t\t<\/div>\n\t\t\t\t<\/div>\n\t\t\t\t\t\t<\/div>\n\t\t\t<\/div>\n\t\t<\/div>\n\t\t\t\t\t\t<\/div>\n\t\t\t<\/div>\n\t\t<\/section>\n\t\t\t\t<div data-id=\"24a441e\" class=\"elementor-element elementor-element-24a441e elementor-widget elementor-widget-text-editor\" data-element_type=\"text-editor.default\">\n\t\t\t\t<div class=\"elementor-widget-container\">\n\t\t\t\t\t<div class=\"elementor-text-editor elementor-clearfix\"><p>En Jabes nos complace ayudar a nuestros compatriotas Mexicanos a poner en orden la documentaci\u00f3n requerida para sus viajes.<\/p><\/div>\n\t\t\t\t<\/div>\n\t\t\t\t<\/div>\n\t\t\t\t<div data-id=\"1afde52\" class=\"elementor-element elementor-element-1afde52 elementor-position-top elementor-vertical-align-top elementor-widget elementor-widget-image-box\" data-element_type=\"image-box.default\">\n\t\t\t\t<div class=\"elementor-widget-container\">\n\t\t\t<div class=\"elementor-image-box-wrapper\"><figure class=\"elementor-image-box-img\"><img width=\"660\" height=\"403\" src=\"https:\/\/jabesmx.com\/wp-content\/uploads\/2019\/01\/visa-application-768x469.jpg\" class=\"attachment-medium_large size-medium_large\" alt=\"\" decoding=\"async\" loading=\"lazy\" srcset=\"https:\/\/jabesmx.com\/wp-content\/uploads\/2019\/01\/visa-application-768x469.jpg 768w, https:\/\/jabesmx.com\/wp-content\/uploads\/2019\/01\/visa-application-300x183.jpg 300w, https:\/\/jabesmx.com\/wp-content\/uploads\/2019\/01\/visa-application-1024x625.jpg 1024w\" sizes=\"(max-width: 660px) 100vw, 660px\" \/><\/figure><div class=\"elementor-image-box-content\"><p class=\"elementor-image-box-description\">Ya sea para vacacionar,  estudiar o trabajar ,  te apoyamos a tramitar los documentos necesarios y brindamos asesor\u00eda personalizada para entrevistas y citas en los diferentes consulados.<\/p><\/div><\/div>\t\t<\/div>\n\t\t\t\t<\/div>\n\t\t\t\t<div data-id=\"40a868d\" class=\"elementor-element elementor-element-40a868d elementor-align-center elementor-widget elementor-widget-button\" data-element_type=\"button.default\">\n\t\t\t\t<div class=\"elementor-widget-container\">\n\t\t\t\t\t<div class=\"elementor-button-wrapper\">\n\t\t\t<a href=\"https:\/\/jabesmx.com\/index.php\/contacto\/\" class=\"elementor-button-link elementor-button elementor-size-sm\" target=\"_blank\" role=\"button\">\n\t\t\t\t\t\t<span class=\"elementor-button-content-wrapper\">\n\t\t\t\t\t\t<span class=\"elementor-button-text\">llamar<\/span>\n\t\t<\/span>\n\t\t\t\t\t<\/a>\n\t\t<\/div>\n\t\t\t\t<\/div>\n\t\t\t\t<\/div>\n\t\t\t\t\t\t<\/div>\n\t\t\t<\/div>\n\t\t<\/div>\n\t\t\t\t\t\t<\/div>\n\t\t\t<\/div>\n\t\t<\/section>\n\t\t\t\t<section data-id=\"68cf416\" class=\"elementor-element elementor-element-68cf416 elementor-section-boxed elementor-section-height-default elementor-section-height-default elementor-section elementor-top-section\" data-element_type=\"section\">\n\t\t\t\t\t\t<div class=\"elementor-container elementor-column-gap-default\">\n\t\t\t\t<div class=\"elementor-row\">\n\t\t\t\t<div data-id=\"bb16ec1\" class=\"elementor-element elementor-element-bb16ec1 elementor-column elementor-col-100 elementor-top-column\" data-element_type=\"column\">\n\t\t\t<div class=\"elementor-column-wrap elementor-element-populated\">\n\t\t\t\t\t<div class=\"elementor-widget-wrap\">\n\t\t\t\t<div data-id=\"02ff9ba\" class=\"elementor-element elementor-element-02ff9ba elementor-widget elementor-widget-spacer\" data-element_type=\"spacer.default\">\n\t\t\t\t<div class=\"elementor-widget-container\">\n\t\t\t\t\t<div class=\"elementor-spacer\">\n\t\t\t<div class=\"elementor-spacer-inner\"><\/div>\n\t\t<\/div>\n\t\t\t\t<\/div>\n\t\t\t\t<\/div>\n\t\t\t\t\t\t<\/div>\n\t\t\t<\/div>\n\t\t<\/div>\n\t\t\t\t\t\t<\/div>\n\t\t\t<\/div>\n\t\t<\/section>\n\t\t\t\t\t\t<\/div>\n\t\t\t<\/div>\n\t\t<\/div>\n\t\t","protected":false},"excerpt":{"rendered":"<p>VISAS Y PASAPORTE Nuestro equipo especializado se encargar\u00e1 de: 1. Proporcionarte informaci\u00f3n clara y detallada sobre los documentos requeridos para tu destino, incluyendo formularios, fotograf\u00edas y comprobantes. 2. Asesorarte sobre los plazos de proceso y los diferentes tipos de visas disponibles, adapt\u00e1ndonos a tus necesidades y preferencias de viaje. 3. Ayudarte a completar los formularios de solicitud correctamente, evitando errores comunes que podr\u00edan retrasar tu proceso. 4. Revisar y recopilar todos los documentos necesarios para tu solicitud de visa o [&hellip;]<\/p>\n","protected":false},"author":2,"featured_media":0,"parent":0,"menu_order":0,"comment_status":"closed","ping_status":"closed","template":"","meta":[],"_links":{"self":[{"href":"https:\/\/jabesmx.com\/index.php\/wp-json\/wp\/v2\/pages\/356"}],"collection":[{"href":"https:\/\/jabesmx.com\/index.php\/wp-json\/wp\/v2\/pages"}],"about":[{"href":"https:\/\/jabesmx.com\/index.php\/wp-json\/wp\/v2\/types\/page"}],"author":[{"embeddable":true,"href":"https:\/\/jabesmx.com\/index.php\/wp-json\/wp\/v2\/users\/2"}],"replies":[{"embeddable":true,"href":"https:\/\/jabesmx.com\/index.php\/wp-json\/wp\/v2\/comments?post=356"}],"version-history":[{"count":14,"href":"https:\/\/jabesmx.com\/index.php\/wp-json\/wp\/v2\/pages\/356\/revisions"}],"predecessor-version":[{"id":527,"href":"https:\/\/jabesmx.com\/index.php\/wp-json\/wp\/v2\/pages\/356\/revisions\/527"}],"wp:attachment":[{"href":"https:\/\/jabesmx.com\/index.php\/wp-json\/wp\/v2\/media?parent=356"}],"curies":[{"name":"wp","href":"https:\/\/api.w.org\/{rel}","templated":true}]}}